{"id":469,"date":"2020-09-07T11:35:52","date_gmt":"2020-09-07T09:35:52","guid":{"rendered":"https:\/\/fichtrediantre.fr\/?post_type=product&#038;p=469"},"modified":"2025-12-17T21:11:40","modified_gmt":"2025-12-17T20:11:40","slug":"le-couple-de-cerfs-par-juliette-oberndorfer","status":"publish","type":"product","link":"https:\/\/fichtrediantre.fr\/en\/product\/le-couple-de-cerfs-par-juliette-oberndorfer\/","title":{"rendered":"Couple Deer by Juliette Oberndorfer"},"content":{"rendered":"<p>Several options :<\/p>\n<p>Une belle carte postale brillante 330g, 10&#215;15 cm &#8211; 2,5 euros<\/p>\n<p>Un petit format avec des couleurs vives gr\u00e2ce \u00e0 l&rsquo;impression d&rsquo;art haut d\u00e9finition, sur un papier professionnel Fujifilm Crystal mat 200g, 15 x 21cm -17 euros<\/p>\n<p>Un beau format avec des couleurs vives gr\u00e2ce \u00e0 l&rsquo;impression d&rsquo;art haut d\u00e9finition, sur un papier professionnel Fujifilm Crystal mat 200g, 30 x 45cm &#8211; 42 euros<\/p>\n<p>The best one, an outstanding image quality thanks to fine art printing on matte cotton paper, 308g, 30\u00d745 cm \u2013 69 euros<\/p>\n<p>&nbsp;<\/p>\n<p>&nbsp;<\/p>\n<p>A beautiful shiny postcard, 330g, 10&#215;15 cm \u2013 2,5 euros<\/p>\n<p>A small size with vibrant colours thanks to high definition art printing, on a professionnal Fujifilm Crystal matte paper, 200g, 15x 21 cm, 17 euros<\/p>\n<p>A larger size with vibrant colours thanks to high definition art printing, on a professionnal Fujifilm Crystal matte paper, 200g, 30 x 45 cm, 42 euros<\/p>\n<p>The best one, an outstanding image quality thanks to fine art printing on matte cotton paper, 308g, 30&#215;45 cm \u2013 69 euros<\/p>","protected":false},"excerpt":{"rendered":"<p>Plusieurs choix s&rsquo;offrent \u00e0 vous pour cette image : Une belle carte postale brillante 330g, 10&#215;15 cm &#8211; 2,5 euros Un petit format avec des couleurs vives gr\u00e2ce \u00e0 l&rsquo;impression d&rsquo;art haut d\u00e9finition, sur un papier professionnel Fujifilm Crystal mat 200g, 15 x 21cm -17 euros Un beau format avec des couleurs vives gr\u00e2ce \u00e0 [&hellip;]<\/p>","protected":false},"featured_media":678,"comment_status":"open","ping_status":"closed","template":"","meta":{"ocean_post_layout":"","ocean_both_sidebars_style":"","ocean_both_sidebars_content_width":0,"ocean_both_sidebars_sidebars_width":0,"ocean_sidebar":"0","ocean_second_sidebar":"0","ocean_disable_margins":"enable","ocean_add_body_class":"","ocean_shortcode_before_top_bar":"","ocean_shortcode_after_top_bar":"","ocean_shortcode_before_header":"","ocean_shortcode_after_header":"","ocean_has_shortcode":"","ocean_shortcode_after_title":"","ocean_shortcode_before_footer_widgets":"","ocean_shortcode_after_footer_widgets":"","ocean_shortcode_before_footer_bottom":"","ocean_shortcode_after_footer_bottom":"","ocean_display_top_bar":"default","ocean_display_header":"default","ocean_header_style":"","ocean_center_header_left_menu":"0","ocean_custom_header_template":"0","ocean_custom_logo":0,"ocean_custom_retina_logo":0,"ocean_custom_logo_max_width":0,"ocean_custom_logo_tablet_max_width":0,"ocean_custom_logo_mobile_max_width":0,"ocean_custom_logo_max_height":0,"ocean_custom_logo_tablet_max_height":0,"ocean_custom_logo_mobile_max_height":0,"ocean_header_custom_menu":"0","ocean_menu_typo_font_family":"0","ocean_menu_typo_font_subset":"","ocean_menu_typo_font_size":0,"ocean_menu_typo_font_size_tablet":0,"ocean_menu_typo_font_size_mobile":0,"ocean_menu_typo_font_size_unit":"px","ocean_menu_typo_font_weight":"","ocean_menu_typo_font_weight_tablet":"","ocean_menu_typo_font_weight_mobile":"","ocean_menu_typo_transform":"","ocean_menu_typo_transform_tablet":"","ocean_menu_typo_transform_mobile":"","ocean_menu_typo_line_height":0,"ocean_menu_typo_line_height_tablet":0,"ocean_menu_typo_line_height_mobile":0,"ocean_menu_typo_line_height_unit":"","ocean_menu_typo_spacing":0,"ocean_menu_typo_spacing_tablet":0,"ocean_menu_typo_spacing_mobile":0,"ocean_menu_typo_spacing_unit":"","ocean_menu_link_color":"","ocean_menu_link_color_hover":"","ocean_menu_link_color_active":"","ocean_menu_link_background":"","ocean_menu_link_hover_background":"","ocean_menu_link_active_background":"","ocean_menu_social_links_bg":"","ocean_menu_social_hover_links_bg":"","ocean_menu_social_links_color":"","ocean_menu_social_hover_links_color":"","ocean_disable_title":"default","ocean_disable_heading":"default","ocean_post_title":"","ocean_post_subheading":"","ocean_post_title_style":"","ocean_post_title_background_color":"","ocean_post_title_background":0,"ocean_post_title_bg_image_position":"","ocean_post_title_bg_image_attachment":"","ocean_post_title_bg_image_repeat":"","ocean_post_title_bg_image_size":"","ocean_post_title_height":0,"ocean_post_title_bg_overlay":0.5,"ocean_post_title_bg_overlay_color":"","ocean_disable_breadcrumbs":"default","ocean_breadcrumbs_color":"","ocean_breadcrumbs_separator_color":"","ocean_breadcrumbs_links_color":"","ocean_breadcrumbs_links_hover_color":"","ocean_display_footer_widgets":"default","ocean_display_footer_bottom":"default","ocean_custom_footer_template":"0"},"product_brand":[],"product_cat":[19,18,24,27],"product_tag":[],"class_list":{"0":"post-469","1":"product","2":"type-product","3":"status-publish","4":"has-post-thumbnail","6":"product_cat-juliette-oberndorfer","7":"product_cat-illustrations","8":"product_cat-affiches","9":"product_cat-cartes-postales","11":"entry","12":"has-media","14":"first","15":"instock","16":"purchasable","17":"product-type-variable","18":"has-product-nav","19":"col","20":"span_1_of_3","21":"owp-content-center","22":"owp-thumbs-layout-horizontal","23":"owp-btn-normal","24":"owp-tabs-layout-horizontal"},"jetpack_sharing_enabled":true,"_links":{"self":[{"href":"https:\/\/fichtrediantre.fr\/en\/wp-json\/wp\/v2\/product\/469","targetHints":{"allow":["GET"]}}],"collection":[{"href":"https:\/\/fichtrediantre.fr\/en\/wp-json\/wp\/v2\/product"}],"about":[{"href":"https:\/\/fichtrediantre.fr\/en\/wp-json\/wp\/v2\/types\/product"}],"replies":[{"embeddable":true,"href":"https:\/\/fichtrediantre.fr\/en\/wp-json\/wp\/v2\/comments?post=469"}],"version-history":[{"count":7,"href":"https:\/\/fichtrediantre.fr\/en\/wp-json\/wp\/v2\/product\/469\/revisions"}],"predecessor-version":[{"id":3567,"href":"https:\/\/fichtrediantre.fr\/en\/wp-json\/wp\/v2\/product\/469\/revisions\/3567"}],"wp:featuredmedia":[{"embeddable":true,"href":"https:\/\/fichtrediantre.fr\/en\/wp-json\/wp\/v2\/media\/678"}],"wp:attachment":[{"href":"https:\/\/fichtrediantre.fr\/en\/wp-json\/wp\/v2\/media?parent=469"}],"wp:term":[{"taxonomy":"product_brand","embeddable":true,"href":"https:\/\/fichtrediantre.fr\/en\/wp-json\/wp\/v2\/product_brand?post=469"},{"taxonomy":"product_cat","embeddable":true,"href":"https:\/\/fichtrediantre.fr\/en\/wp-json\/wp\/v2\/product_cat?post=469"},{"taxonomy":"product_tag","embeddable":true,"href":"https:\/\/fichtrediantre.fr\/en\/wp-json\/wp\/v2\/product_tag?post=469"}],"curies":[{"name":"wp","href":"https:\/\/api.w.org\/{rel}","templated":true}]}}