{"id":4087,"date":"2025-06-28T18:29:41","date_gmt":"2025-06-28T16:29:41","guid":{"rendered":"https:\/\/fichtrediantre.fr\/?post_type=product&#038;p=4087"},"modified":"2025-08-22T10:30:04","modified_gmt":"2025-08-22T08:30:04","slug":"carte-a-collectionner-angouleme-bourg-sur-palette","status":"publish","type":"product","link":"https:\/\/fichtrediantre.fr\/en\/product\/carte-a-collectionner-angouleme-bourg-sur-palette\/","title":{"rendered":"Carte \u00e0 collectionner Angoul\u00eame Bourg sur Palette"},"content":{"rendered":"<p>Angoul\u00eame regorge de talents, attrapez-les tous !<\/p>\n<p>Fichtre Diantre lance sa premi\u00e8re \u00e9dition de cartes \u00e0 collectionner des talents d&rsquo;Angoul\u00eame, \u00e0 savoir <span class=\"x193iq5w xeuugli x13faqbe x1vvkbs x1xmvt09 x1lliihq x1s928wv xhkezso x1gmr53x x1cpjm7i x1fgarty x1943h6x xudqn12 x3x7a5m x6prxxf xvq8zen xo1l8bm xzsf02u\" dir=\"auto\"> <br class=\"html-br\" \/>\u00a0Olivier Balez, Mai Li Bernard, Aur\u00e9lien Fernandez, Am\u00e9lie Fl\u00e9chais, Geoffrey Grimal, Salom\u00e9 Lahoche, Milo Laville, Maylee, Megaelod, Miss Paty, R\u00e9my Nardoux, Pablo Raison, Elodie Shanta, Shaoronn, Clara Super Duper, Tarmasz, et le soutien d<\/span>u P\u00f4le Image Magelis.<\/p>\n<p>Chaque carte fait 63x88mm, et est une impression num\u00e9rique en 260g<\/p>\n<p>Des cartes shiny sont gliss\u00e9es au hasard dans les bundles et les cartes myst\u00e8res, chaque pack des 16 cartes contient au moins une carte shiny<\/p>\n<p>Une carte au hasard : 3\u20ac<\/p>\n<p>La carte de votre artiste pr\u00e9f\u00e9r\u00e9.e : 4\u20ac<\/p>\n<p>Bundle de 4 cartes : 10\u20ac<\/p>\n<p>La collection compl\u00e8te des 16 artistes : 36\u20ac avec une carte shiny minimum garantie<\/p>","protected":false},"excerpt":{"rendered":"<p>Angoul\u00eame regorge de talents, attrapez-les tous ! Fichtre Diantre lance sa premi\u00e8re \u00e9dition de cartes \u00e0 collectionner des talents d&rsquo;Angoul\u00eame, \u00e0 savoir \u00a0Olivier Balez, Mai Li Bernard, Aur\u00e9lien Fernandez, Am\u00e9lie Fl\u00e9chais, Geoffrey Grimal, Salom\u00e9 Lahoche, Milo Laville, Maylee, Megaelod, Miss Paty, R\u00e9my Nardoux, Pablo Raison, Elodie Shanta, Shaoronn, Clara Super Duper, Tarmasz, et le soutien [&hellip;]<\/p>","protected":false},"featured_media":4154,"comment_status":"open","ping_status":"closed","template":"","meta":{"ocean_post_layout":"","ocean_both_sidebars_style":"","ocean_both_sidebars_content_width":0,"ocean_both_sidebars_sidebars_width":0,"ocean_sidebar":"0","ocean_second_sidebar":"0","ocean_disable_margins":"enable","ocean_add_body_class":"","ocean_shortcode_before_top_bar":"","ocean_shortcode_after_top_bar":"","ocean_shortcode_before_header":"","ocean_shortcode_after_header":"","ocean_has_shortcode":"","ocean_shortcode_after_title":"","ocean_shortcode_before_footer_widgets":"","ocean_shortcode_after_footer_widgets":"","ocean_shortcode_before_footer_bottom":"","ocean_shortcode_after_footer_bottom":"","ocean_display_top_bar":"default","ocean_display_header":"default","ocean_header_style":"","ocean_center_header_left_menu":"0","ocean_custom_header_template":"0","ocean_custom_logo":0,"ocean_custom_retina_logo":0,"ocean_custom_logo_max_width":0,"ocean_custom_logo_tablet_max_width":0,"ocean_custom_logo_mobile_max_width":0,"ocean_custom_logo_max_height":0,"ocean_custom_logo_tablet_max_height":0,"ocean_custom_logo_mobile_max_height":0,"ocean_header_custom_menu":"0","ocean_menu_typo_font_family":"0","ocean_menu_typo_font_subset":"","ocean_menu_typo_font_size":0,"ocean_menu_typo_font_size_tablet":0,"ocean_menu_typo_font_size_mobile":0,"ocean_menu_typo_font_size_unit":"px","ocean_menu_typo_font_weight":"","ocean_menu_typo_font_weight_tablet":"","ocean_menu_typo_font_weight_mobile":"","ocean_menu_typo_transform":"","ocean_menu_typo_transform_tablet":"","ocean_menu_typo_transform_mobile":"","ocean_menu_typo_line_height":0,"ocean_menu_typo_line_height_tablet":0,"ocean_menu_typo_line_height_mobile":0,"ocean_menu_typo_line_height_unit":"","ocean_menu_typo_spacing":0,"ocean_menu_typo_spacing_tablet":0,"ocean_menu_typo_spacing_mobile":0,"ocean_menu_typo_spacing_unit":"","ocean_menu_link_color":"","ocean_menu_link_color_hover":"","ocean_menu_link_color_active":"","ocean_menu_link_background":"","ocean_menu_link_hover_background":"","ocean_menu_link_active_background":"","ocean_menu_social_links_bg":"","ocean_menu_social_hover_links_bg":"","ocean_menu_social_links_color":"","ocean_menu_social_hover_links_color":"","ocean_disable_title":"default","ocean_disable_heading":"default","ocean_post_title":"","ocean_post_subheading":"","ocean_post_title_style":"","ocean_post_title_background_color":"","ocean_post_title_background":0,"ocean_post_title_bg_image_position":"","ocean_post_title_bg_image_attachment":"","ocean_post_title_bg_image_repeat":"","ocean_post_title_bg_image_size":"","ocean_post_title_height":0,"ocean_post_title_bg_overlay":0.5,"ocean_post_title_bg_overlay_color":"","ocean_disable_breadcrumbs":"default","ocean_breadcrumbs_color":"","ocean_breadcrumbs_separator_color":"","ocean_breadcrumbs_links_color":"","ocean_breadcrumbs_links_hover_color":"","ocean_display_footer_widgets":"default","ocean_display_footer_bottom":"default","ocean_custom_footer_template":"0"},"product_brand":[],"product_cat":[75,95,123,100,137,65,127,139,141,124,107,81,138,140,142,131,136,119,113],"product_tag":[],"class_list":{"0":"post-4087","1":"product","2":"type-product","3":"status-publish","4":"has-post-thumbnail","6":"product_cat-par-artiste","7":"product_cat-olivier-balez","8":"product_cat-mai-li-bernard","9":"product_cat-aurelien-fernandez","10":"product_cat-amelie-flechais","11":"product_cat-geoffrey-grimal","12":"product_cat-salome-lahoche","13":"product_cat-milo-laville","14":"product_cat-maylee","15":"product_cat-megaelod","16":"product_cat-miss-paty","17":"product_cat-remy-nardoux","18":"product_cat-pablo-raison","19":"product_cat-elodie-shanta","20":"product_cat-clara-super-duper","21":"product_cat-tarmasz","22":"product_cat-angouleme-bourg-sur-palette","23":"product_cat-madeinfichtre","24":"product_cat-angouleme","26":"entry","27":"has-media","29":"first","30":"instock","31":"taxable","32":"shipping-taxable","33":"purchasable","34":"product-type-variable","35":"has-product-nav","36":"col","37":"span_1_of_3","38":"owp-content-center","39":"owp-thumbs-layout-horizontal","40":"owp-btn-normal","41":"owp-tabs-layout-horizontal"},"jetpack_sharing_enabled":true,"_links":{"self":[{"href":"https:\/\/fichtrediantre.fr\/en\/wp-json\/wp\/v2\/product\/4087","targetHints":{"allow":["GET"]}}],"collection":[{"href":"https:\/\/fichtrediantre.fr\/en\/wp-json\/wp\/v2\/product"}],"about":[{"href":"https:\/\/fichtrediantre.fr\/en\/wp-json\/wp\/v2\/types\/product"}],"replies":[{"embeddable":true,"href":"https:\/\/fichtrediantre.fr\/en\/wp-json\/wp\/v2\/comments?post=4087"}],"version-history":[{"count":4,"href":"https:\/\/fichtrediantre.fr\/en\/wp-json\/wp\/v2\/product\/4087\/revisions"}],"predecessor-version":[{"id":4177,"href":"https:\/\/fichtrediantre.fr\/en\/wp-json\/wp\/v2\/product\/4087\/revisions\/4177"}],"wp:featuredmedia":[{"embeddable":true,"href":"https:\/\/fichtrediantre.fr\/en\/wp-json\/wp\/v2\/media\/4154"}],"wp:attachment":[{"href":"https:\/\/fichtrediantre.fr\/en\/wp-json\/wp\/v2\/media?parent=4087"}],"wp:term":[{"taxonomy":"product_brand","embeddable":true,"href":"https:\/\/fichtrediantre.fr\/en\/wp-json\/wp\/v2\/product_brand?post=4087"},{"taxonomy":"product_cat","embeddable":true,"href":"https:\/\/fichtrediantre.fr\/en\/wp-json\/wp\/v2\/product_cat?post=4087"},{"taxonomy":"product_tag","embeddable":true,"href":"https:\/\/fichtrediantre.fr\/en\/wp-json\/wp\/v2\/product_tag?post=4087"}],"curies":[{"name":"wp","href":"https:\/\/api.w.org\/{rel}","templated":true}]}}