{"id":3809,"date":"2023-12-02T11:29:28","date_gmt":"2023-12-02T10:29:28","guid":{"rendered":"https:\/\/fichtrediantre.fr\/?post_type=product&#038;p=3809"},"modified":"2025-12-04T15:37:13","modified_gmt":"2025-12-04T14:37:13","slug":"pupilles-gustatives-le-livre","status":"publish","type":"product","link":"https:\/\/fichtrediantre.fr\/en\/product\/pupilles-gustatives-le-livre\/","title":{"rendered":"Pupilles Gustatives, le livre !"},"content":{"rendered":"<p>Fichtre Diantre pr\u00e9sente Pupilles Gustatives, son premier livre de recettes illustr\u00e9es !<\/p>\n<p>Le go\u00fbter, c\u2019est sacr\u00e9, voire sacr\u00e9ment r\u00e9jouissant ! L\u2019app\u00e9tit na\u00eet d\u2019abord par le regard, les gourmandises disparaissent toujours en un clin d&rsquo;\u0153il, il \u00e9tait donc \u00e9vident de proposer des recettes illustr\u00e9es !<\/p>\n<p>Alors y&rsquo;a quoi ? Une recette par mois, avec un fruit de saison, une ribambelle de bonus, un soup\u00e7on d\u2019audace ou d\u2019insolence, c\u2019est selon, et surtout la place pour \u00e9crire vos propres p\u00e2tisseries.<\/p>\n<p>Par qui ? La cr\u00e8me de la cr\u00e8me \u00e9videmment, avec Megaelod, Salom\u00e9 Lahoche, Shaoronn, Mai-Li Bernard, Noe.Miel, Turbo Pipou, Tarmasz, Lou Bonelli, R\u00e9my Nardoux, Aur\u00e9lien Fernandez, Benjamin Mialet, et Geoffrey Grimal pour partager l\u2019envie des mets !<\/p>\n<p>56 pages, 17x24cm, reliure spirale, couverture avec un joli vernis s\u00e9lectif<\/p>\n<p>24\u20ac<\/p>","protected":false},"excerpt":{"rendered":"<p>Fichtre Diantre pr\u00e9sente Pupilles Gustatives, son premier livre de recettes illustr\u00e9es ! Le go\u00fbter, c\u2019est sacr\u00e9, voire sacr\u00e9ment r\u00e9jouissant ! L\u2019app\u00e9tit na\u00eet d\u2019abord par le regard, les gourmandises disparaissent toujours en un clin d&rsquo;\u0153il, il \u00e9tait donc \u00e9vident de proposer des recettes illustr\u00e9es ! Alors y&rsquo;a quoi ? Une recette par mois, avec un fruit [&hellip;]<\/p>","protected":false},"featured_media":3824,"comment_status":"open","ping_status":"closed","template":"","meta":{"ocean_post_layout":"","ocean_both_sidebars_style":"","ocean_both_sidebars_content_width":0,"ocean_both_sidebars_sidebars_width":0,"ocean_sidebar":"0","ocean_second_sidebar":"0","ocean_disable_margins":"enable","ocean_add_body_class":"","ocean_shortcode_before_top_bar":"","ocean_shortcode_after_top_bar":"","ocean_shortcode_before_header":"","ocean_shortcode_after_header":"","ocean_has_shortcode":"","ocean_shortcode_after_title":"","ocean_shortcode_before_footer_widgets":"","ocean_shortcode_after_footer_widgets":"","ocean_shortcode_before_footer_bottom":"","ocean_shortcode_after_footer_bottom":"","ocean_display_top_bar":"default","ocean_display_header":"default","ocean_header_style":"","ocean_center_header_left_menu":"0","ocean_custom_header_template":"0","ocean_custom_logo":0,"ocean_custom_retina_logo":0,"ocean_custom_logo_max_width":0,"ocean_custom_logo_tablet_max_width":0,"ocean_custom_logo_mobile_max_width":0,"ocean_custom_logo_max_height":0,"ocean_custom_logo_tablet_max_height":0,"ocean_custom_logo_mobile_max_height":0,"ocean_header_custom_menu":"0","ocean_menu_typo_font_family":"0","ocean_menu_typo_font_subset":"","ocean_menu_typo_font_size":0,"ocean_menu_typo_font_size_tablet":0,"ocean_menu_typo_font_size_mobile":0,"ocean_menu_typo_font_size_unit":"px","ocean_menu_typo_font_weight":"","ocean_menu_typo_font_weight_tablet":"","ocean_menu_typo_font_weight_mobile":"","ocean_menu_typo_transform":"","ocean_menu_typo_transform_tablet":"","ocean_menu_typo_transform_mobile":"","ocean_menu_typo_line_height":0,"ocean_menu_typo_line_height_tablet":0,"ocean_menu_typo_line_height_mobile":0,"ocean_menu_typo_line_height_unit":"","ocean_menu_typo_spacing":0,"ocean_menu_typo_spacing_tablet":0,"ocean_menu_typo_spacing_mobile":0,"ocean_menu_typo_spacing_unit":"","ocean_menu_link_color":"","ocean_menu_link_color_hover":"","ocean_menu_link_color_active":"","ocean_menu_link_background":"","ocean_menu_link_hover_background":"","ocean_menu_link_active_background":"","ocean_menu_social_links_bg":"","ocean_menu_social_hover_links_bg":"","ocean_menu_social_links_color":"","ocean_menu_social_hover_links_color":"","ocean_disable_title":"default","ocean_disable_heading":"default","ocean_post_title":"","ocean_post_subheading":"","ocean_post_title_style":"","ocean_post_title_background_color":"","ocean_post_title_background":0,"ocean_post_title_bg_image_position":"","ocean_post_title_bg_image_attachment":"","ocean_post_title_bg_image_repeat":"","ocean_post_title_bg_image_size":"","ocean_post_title_height":0,"ocean_post_title_bg_overlay":0.5,"ocean_post_title_bg_overlay_color":"","ocean_disable_breadcrumbs":"default","ocean_breadcrumbs_color":"","ocean_breadcrumbs_separator_color":"","ocean_breadcrumbs_links_color":"","ocean_breadcrumbs_links_hover_color":"","ocean_display_footer_widgets":"default","ocean_display_footer_bottom":"default","ocean_custom_footer_template":"0"},"product_brand":[],"product_cat":[17,123,98,100,65,127,124,97,81,132,122,121,131,119],"product_tag":[],"class_list":{"0":"post-3809","1":"product","2":"type-product","3":"status-publish","4":"has-post-thumbnail","6":"product_cat-non-classe","7":"product_cat-mai-li-bernard","8":"product_cat-lou-bonelli","9":"product_cat-aurelien-fernandez","10":"product_cat-geoffrey-grimal","11":"product_cat-salome-lahoche","12":"product_cat-megaelod","13":"product_cat-benjamin-mialet","14":"product_cat-remy-nardoux","15":"product_cat-noe-miel","16":"product_cat-shaoronn","17":"product_cat-turbo-pipou","18":"product_cat-tarmasz","19":"product_cat-madeinfichtre","20":"product_shipping_class-petit-envoi","22":"entry","23":"has-media","25":"first","26":"instock","27":"taxable","28":"shipping-taxable","29":"purchasable","30":"product-type-simple","31":"has-product-nav","32":"col","33":"span_1_of_3","34":"owp-content-center","35":"owp-thumbs-layout-horizontal","36":"owp-btn-normal","37":"owp-tabs-layout-horizontal"},"jetpack_sharing_enabled":true,"_links":{"self":[{"href":"https:\/\/fichtrediantre.fr\/en\/wp-json\/wp\/v2\/product\/3809","targetHints":{"allow":["GET"]}}],"collection":[{"href":"https:\/\/fichtrediantre.fr\/en\/wp-json\/wp\/v2\/product"}],"about":[{"href":"https:\/\/fichtrediantre.fr\/en\/wp-json\/wp\/v2\/types\/product"}],"replies":[{"embeddable":true,"href":"https:\/\/fichtrediantre.fr\/en\/wp-json\/wp\/v2\/comments?post=3809"}],"version-history":[{"count":2,"href":"https:\/\/fichtrediantre.fr\/en\/wp-json\/wp\/v2\/product\/3809\/revisions"}],"predecessor-version":[{"id":3822,"href":"https:\/\/fichtrediantre.fr\/en\/wp-json\/wp\/v2\/product\/3809\/revisions\/3822"}],"wp:featuredmedia":[{"embeddable":true,"href":"https:\/\/fichtrediantre.fr\/en\/wp-json\/wp\/v2\/media\/3824"}],"wp:attachment":[{"href":"https:\/\/fichtrediantre.fr\/en\/wp-json\/wp\/v2\/media?parent=3809"}],"wp:term":[{"taxonomy":"product_brand","embeddable":true,"href":"https:\/\/fichtrediantre.fr\/en\/wp-json\/wp\/v2\/product_brand?post=3809"},{"taxonomy":"product_cat","embeddable":true,"href":"https:\/\/fichtrediantre.fr\/en\/wp-json\/wp\/v2\/product_cat?post=3809"},{"taxonomy":"product_tag","embeddable":true,"href":"https:\/\/fichtrediantre.fr\/en\/wp-json\/wp\/v2\/product_tag?post=3809"}],"curies":[{"name":"wp","href":"https:\/\/api.w.org\/{rel}","templated":true}]}}