{"id":3706,"date":"2023-12-01T22:59:38","date_gmt":"2023-12-01T21:59:38","guid":{"rendered":"https:\/\/fichtrediantre.fr\/?post_type=product&#038;p=3706"},"modified":"2023-12-02T10:16:03","modified_gmt":"2023-12-02T09:16:03","slug":"tarmasz-cupcakes-betterave-framboise","status":"publish","type":"product","link":"https:\/\/fichtrediantre.fr\/en\/product\/tarmasz-cupcakes-betterave-framboise\/","title":{"rendered":"Tarmasz Cupcakes betterave framboise"},"content":{"rendered":"<p>Fichtre Diantre pr\u00e9sente Pupilles Gustatives, son premier livre de recettes illustr\u00e9es.<br \/>\nIci c\u2019est Tarmasz qui vous met l\u2019eau \u00e0 la bouche avec son interpr\u00e9tation des cupcakes betterave framboise et vous pouvez d\u00e9couvrir son travail sur Instagram : @tarmasz<\/p>\n<p>Illustration en \u00e9dition <span class=\"x_ContentPasted0\">limit\u00e9e \u00e0 30 exemplaires sur papier recycl\u00e9 300, sign\u00e9e, <\/span><span class=\"x_ContentPasted0\">en 21&#215;29,7cm, exp\u00e9di\u00e9e avec la recette associ\u00e9e.<br \/>\n<\/span><\/p>\n<p><span class=\"x_ContentPasted0\">La carte postale poss\u00e8de un bord dentel\u00e9, elle est imprim\u00e9e en 10&#215;15 cm sur du 350G\u00a0 <\/span><\/p>\n<p class=\"x_MsoNormal\"><span class=\"x_ContentPasted0\">2\u20ac la carte postale, 20 euros le A4<br \/>\n<\/span><\/p>","protected":false},"excerpt":{"rendered":"<p>Fichtre Diantre pr\u00e9sente Pupilles Gustatives, son premier livre de recettes illustr\u00e9es. Ici c\u2019est Tarmasz qui vous met l\u2019eau \u00e0 la bouche avec son interpr\u00e9tation des cupcakes betterave framboise et vous pouvez d\u00e9couvrir son travail sur Instagram : @tarmasz Illustration en \u00e9dition limit\u00e9e \u00e0 30 exemplaires sur papier recycl\u00e9 300, sign\u00e9e, en 21&#215;29,7cm, exp\u00e9di\u00e9e avec la [&hellip;]<\/p>","protected":false},"featured_media":3717,"comment_status":"open","ping_status":"closed","template":"","meta":{"ocean_post_layout":"","ocean_both_sidebars_style":"","ocean_both_sidebars_content_width":0,"ocean_both_sidebars_sidebars_width":0,"ocean_sidebar":"0","ocean_second_sidebar":"0","ocean_disable_margins":"enable","ocean_add_body_class":"","ocean_shortcode_before_top_bar":"","ocean_shortcode_after_top_bar":"","ocean_shortcode_before_header":"","ocean_shortcode_after_header":"","ocean_has_shortcode":"","ocean_shortcode_after_title":"","ocean_shortcode_before_footer_widgets":"","ocean_shortcode_after_footer_widgets":"","ocean_shortcode_before_footer_bottom":"","ocean_shortcode_after_footer_bottom":"","ocean_display_top_bar":"default","ocean_display_header":"default","ocean_header_style":"","ocean_center_header_left_menu":"0","ocean_custom_header_template":"0","ocean_custom_logo":0,"ocean_custom_retina_logo":0,"ocean_custom_logo_max_width":0,"ocean_custom_logo_tablet_max_width":0,"ocean_custom_logo_mobile_max_width":0,"ocean_custom_logo_max_height":0,"ocean_custom_logo_tablet_max_height":0,"ocean_custom_logo_mobile_max_height":0,"ocean_header_custom_menu":"0","ocean_menu_typo_font_family":"0","ocean_menu_typo_font_subset":"","ocean_menu_typo_font_size":0,"ocean_menu_typo_font_size_tablet":0,"ocean_menu_typo_font_size_mobile":0,"ocean_menu_typo_font_size_unit":"px","ocean_menu_typo_font_weight":"","ocean_menu_typo_font_weight_tablet":"","ocean_menu_typo_font_weight_mobile":"","ocean_menu_typo_transform":"","ocean_menu_typo_transform_tablet":"","ocean_menu_typo_transform_mobile":"","ocean_menu_typo_line_height":0,"ocean_menu_typo_line_height_tablet":0,"ocean_menu_typo_line_height_mobile":0,"ocean_menu_typo_line_height_unit":"","ocean_menu_typo_spacing":0,"ocean_menu_typo_spacing_tablet":0,"ocean_menu_typo_spacing_mobile":0,"ocean_menu_typo_spacing_unit":"","ocean_menu_link_color":"","ocean_menu_link_color_hover":"","ocean_menu_link_color_active":"","ocean_menu_link_background":"","ocean_menu_link_hover_background":"","ocean_menu_link_active_background":"","ocean_menu_social_links_bg":"","ocean_menu_social_hover_links_bg":"","ocean_menu_social_links_color":"","ocean_menu_social_hover_links_color":"","ocean_disable_title":"default","ocean_disable_heading":"default","ocean_post_title":"","ocean_post_subheading":"","ocean_post_title_style":"","ocean_post_title_background_color":"","ocean_post_title_background":0,"ocean_post_title_bg_image_position":"","ocean_post_title_bg_image_attachment":"","ocean_post_title_bg_image_repeat":"","ocean_post_title_bg_image_size":"","ocean_post_title_height":0,"ocean_post_title_bg_overlay":0.5,"ocean_post_title_bg_overlay_color":"","ocean_disable_breadcrumbs":"default","ocean_breadcrumbs_color":"","ocean_breadcrumbs_separator_color":"","ocean_breadcrumbs_links_color":"","ocean_breadcrumbs_links_hover_color":"","ocean_display_footer_widgets":"default","ocean_display_footer_bottom":"default","ocean_custom_footer_template":"0"},"product_brand":[],"product_cat":[131,74,119,18,24,27],"product_tag":[],"class_list":{"0":"post-3706","1":"product","2":"type-product","3":"status-publish","4":"has-post-thumbnail","6":"product_cat-tarmasz","7":"product_cat-par-projet","8":"product_cat-madeinfichtre","9":"product_cat-illustrations","10":"product_cat-affiches","11":"product_cat-cartes-postales","13":"entry","14":"has-media","16":"first","17":"instock","18":"taxable","19":"shipping-taxable","20":"purchasable","21":"product-type-variable","22":"has-product-nav","23":"col","24":"span_1_of_3","25":"owp-content-center","26":"owp-thumbs-layout-horizontal","27":"owp-btn-normal","28":"owp-tabs-layout-horizontal"},"jetpack_sharing_enabled":true,"_links":{"self":[{"href":"https:\/\/fichtrediantre.fr\/en\/wp-json\/wp\/v2\/product\/3706","targetHints":{"allow":["GET"]}}],"collection":[{"href":"https:\/\/fichtrediantre.fr\/en\/wp-json\/wp\/v2\/product"}],"about":[{"href":"https:\/\/fichtrediantre.fr\/en\/wp-json\/wp\/v2\/types\/product"}],"replies":[{"embeddable":true,"href":"https:\/\/fichtrediantre.fr\/en\/wp-json\/wp\/v2\/comments?post=3706"}],"version-history":[{"count":1,"href":"https:\/\/fichtrediantre.fr\/en\/wp-json\/wp\/v2\/product\/3706\/revisions"}],"predecessor-version":[{"id":3720,"href":"https:\/\/fichtrediantre.fr\/en\/wp-json\/wp\/v2\/product\/3706\/revisions\/3720"}],"wp:featuredmedia":[{"embeddable":true,"href":"https:\/\/fichtrediantre.fr\/en\/wp-json\/wp\/v2\/media\/3717"}],"wp:attachment":[{"href":"https:\/\/fichtrediantre.fr\/en\/wp-json\/wp\/v2\/media?parent=3706"}],"wp:term":[{"taxonomy":"product_brand","embeddable":true,"href":"https:\/\/fichtrediantre.fr\/en\/wp-json\/wp\/v2\/product_brand?post=3706"},{"taxonomy":"product_cat","embeddable":true,"href":"https:\/\/fichtrediantre.fr\/en\/wp-json\/wp\/v2\/product_cat?post=3706"},{"taxonomy":"product_tag","embeddable":true,"href":"https:\/\/fichtrediantre.fr\/en\/wp-json\/wp\/v2\/product_tag?post=3706"}],"curies":[{"name":"wp","href":"https:\/\/api.w.org\/{rel}","templated":true}]}}