{"id":2692,"date":"2022-04-06T17:37:07","date_gmt":"2022-04-06T15:37:07","guid":{"rendered":"https:\/\/fichtrediantre.fr\/?post_type=product&#038;p=2692"},"modified":"2025-10-24T13:26:25","modified_gmt":"2025-10-24T11:26:25","slug":"les-equides-par-remy-nardoux","status":"publish","type":"product","link":"https:\/\/fichtrediantre.fr\/en\/product\/les-equides-par-remy-nardoux\/","title":{"rendered":"Les Equid\u00e9s par R\u00e9my Nardoux"},"content":{"rendered":"<p>Un grand format 23x45cm en impression num\u00e9rique sur du papier Rives 250g \u2013 17 euros<\/p>\n<p>Une belle carte postale en 10x21cm \u2013 3 euros<\/p>\n<p>&nbsp;<\/p>\n<p>A large size, 23&#215;45 cm, digital printing on Rives paper 250g \u2013 17 euros<\/p>\n<p>A beautful postcard, 10&#215;21 cm \u2013 3 euros<\/p>\n<p>Jean Calvin, proche du cur\u00e9 de Mouthiers-sur-Bo\u00ebme, aurait pr\u00each\u00e9 la R\u00e9forme dans une<br \/>\nchaire taill\u00e9e dans le rocher. Mais le site de la Chaire-\u00e0-Calvin est surtout connu pour son<br \/>\nabri-sous-roche datant de la fin du Pal\u00e9olithique. En 1926 y fut d\u00e9couverte une frise<br \/>\npari\u00e9tale repr\u00e9sentant des \u00e9quid\u00e9s, la seule visible in situ en Charente. Des chevaux, on en<br \/>\nretrouve aussi au rond-point du Peuplier Major o\u00f9 tr\u00f4nent, sur une reproduction de la<br \/>\nfrise, trois sculptures de Michel Vallat symbolisant l&rsquo;Histoire du cheval et de l&rsquo;humanit\u00e9. Voici<br \/>\nun nouvel \u00e9quid\u00e9 pour un nouveau futur \u00e0 inventer.<\/p>","protected":false},"excerpt":{"rendered":"<p>Un grand format 23x45cm en impression num\u00e9rique sur du papier Rives 250g \u2013 17 euros Une belle carte postale en 10x21cm \u2013 3 euros &nbsp; A large size, 23&#215;45 cm, digital printing on Rives paper 250g \u2013 17 euros A beautful postcard, 10&#215;21 cm \u2013 3 euros Jean Calvin, proche du cur\u00e9 de Mouthiers-sur-Bo\u00ebme, aurait [&hellip;]<\/p>","protected":false},"featured_media":2744,"comment_status":"open","ping_status":"closed","template":"","meta":{"ocean_post_layout":"","ocean_both_sidebars_style":"","ocean_both_sidebars_content_width":0,"ocean_both_sidebars_sidebars_width":0,"ocean_sidebar":"0","ocean_second_sidebar":"0","ocean_disable_margins":"enable","ocean_add_body_class":"","ocean_shortcode_before_top_bar":"","ocean_shortcode_after_top_bar":"","ocean_shortcode_before_header":"","ocean_shortcode_after_header":"","ocean_has_shortcode":"","ocean_shortcode_after_title":"","ocean_shortcode_before_footer_widgets":"","ocean_shortcode_after_footer_widgets":"","ocean_shortcode_before_footer_bottom":"","ocean_shortcode_after_footer_bottom":"","ocean_display_top_bar":"default","ocean_display_header":"default","ocean_header_style":"","ocean_center_header_left_menu":"0","ocean_custom_header_template":"0","ocean_custom_logo":0,"ocean_custom_retina_logo":0,"ocean_custom_logo_max_width":0,"ocean_custom_logo_tablet_max_width":0,"ocean_custom_logo_mobile_max_width":0,"ocean_custom_logo_max_height":0,"ocean_custom_logo_tablet_max_height":0,"ocean_custom_logo_mobile_max_height":0,"ocean_header_custom_menu":"0","ocean_menu_typo_font_family":"0","ocean_menu_typo_font_subset":"","ocean_menu_typo_font_size":0,"ocean_menu_typo_font_size_tablet":0,"ocean_menu_typo_font_size_mobile":0,"ocean_menu_typo_font_size_unit":"px","ocean_menu_typo_font_weight":"","ocean_menu_typo_font_weight_tablet":"","ocean_menu_typo_font_weight_mobile":"","ocean_menu_typo_transform":"","ocean_menu_typo_transform_tablet":"","ocean_menu_typo_transform_mobile":"","ocean_menu_typo_line_height":0,"ocean_menu_typo_line_height_tablet":0,"ocean_menu_typo_line_height_mobile":0,"ocean_menu_typo_line_height_unit":"","ocean_menu_typo_spacing":0,"ocean_menu_typo_spacing_tablet":0,"ocean_menu_typo_spacing_mobile":0,"ocean_menu_typo_spacing_unit":"","ocean_menu_link_color":"","ocean_menu_link_color_hover":"","ocean_menu_link_color_active":"","ocean_menu_link_background":"","ocean_menu_link_hover_background":"","ocean_menu_link_active_background":"","ocean_menu_social_links_bg":"","ocean_menu_social_hover_links_bg":"","ocean_menu_social_links_color":"","ocean_menu_social_hover_links_color":"","ocean_disable_title":"default","ocean_disable_heading":"default","ocean_post_title":"","ocean_post_subheading":"","ocean_post_title_style":"","ocean_post_title_background_color":"","ocean_post_title_background":0,"ocean_post_title_bg_image_position":"","ocean_post_title_bg_image_attachment":"","ocean_post_title_bg_image_repeat":"","ocean_post_title_bg_image_size":"","ocean_post_title_height":0,"ocean_post_title_bg_overlay":0.5,"ocean_post_title_bg_overlay_color":"","ocean_disable_breadcrumbs":"default","ocean_breadcrumbs_color":"","ocean_breadcrumbs_separator_color":"","ocean_breadcrumbs_links_color":"","ocean_breadcrumbs_links_hover_color":"","ocean_display_footer_widgets":"default","ocean_display_footer_bottom":"default","ocean_custom_footer_template":"0"},"product_brand":[],"product_cat":[38,81,39,113,18,24,27],"product_tag":[],"class_list":{"0":"post-2692","1":"product","2":"type-product","3":"status-publish","4":"has-post-thumbnail","6":"product_cat-collections","7":"product_cat-remy-nardoux","8":"product_cat-collectif-paon","9":"product_cat-angouleme","10":"product_cat-illustrations","11":"product_cat-affiches","12":"product_cat-cartes-postales","14":"entry","15":"has-media","17":"first","18":"instock","19":"purchasable","20":"product-type-variable","21":"has-default-attributes","22":"has-product-nav","23":"col","24":"span_1_of_3","25":"owp-content-center","26":"owp-thumbs-layout-horizontal","27":"owp-btn-normal","28":"owp-tabs-layout-horizontal"},"jetpack_sharing_enabled":true,"_links":{"self":[{"href":"https:\/\/fichtrediantre.fr\/en\/wp-json\/wp\/v2\/product\/2692","targetHints":{"allow":["GET"]}}],"collection":[{"href":"https:\/\/fichtrediantre.fr\/en\/wp-json\/wp\/v2\/product"}],"about":[{"href":"https:\/\/fichtrediantre.fr\/en\/wp-json\/wp\/v2\/types\/product"}],"replies":[{"embeddable":true,"href":"https:\/\/fichtrediantre.fr\/en\/wp-json\/wp\/v2\/comments?post=2692"}],"version-history":[{"count":1,"href":"https:\/\/fichtrediantre.fr\/en\/wp-json\/wp\/v2\/product\/2692\/revisions"}],"predecessor-version":[{"id":2695,"href":"https:\/\/fichtrediantre.fr\/en\/wp-json\/wp\/v2\/product\/2692\/revisions\/2695"}],"wp:featuredmedia":[{"embeddable":true,"href":"https:\/\/fichtrediantre.fr\/en\/wp-json\/wp\/v2\/media\/2744"}],"wp:attachment":[{"href":"https:\/\/fichtrediantre.fr\/en\/wp-json\/wp\/v2\/media?parent=2692"}],"wp:term":[{"taxonomy":"product_brand","embeddable":true,"href":"https:\/\/fichtrediantre.fr\/en\/wp-json\/wp\/v2\/product_brand?post=2692"},{"taxonomy":"product_cat","embeddable":true,"href":"https:\/\/fichtrediantre.fr\/en\/wp-json\/wp\/v2\/product_cat?post=2692"},{"taxonomy":"product_tag","embeddable":true,"href":"https:\/\/fichtrediantre.fr\/en\/wp-json\/wp\/v2\/product_tag?post=2692"}],"curies":[{"name":"wp","href":"https:\/\/api.w.org\/{rel}","templated":true}]}}