{"id":2656,"date":"2022-04-06T16:39:45","date_gmt":"2022-04-06T14:39:45","guid":{"rendered":"https:\/\/fichtrediantre.fr\/?post_type=product&#038;p=2656"},"modified":"2025-10-24T13:36:26","modified_gmt":"2025-10-24T11:36:26","slug":"le-semeur-par-elodie-boureille","status":"publish","type":"product","link":"https:\/\/fichtrediantre.fr\/en\/product\/le-semeur-par-elodie-boureille\/","title":{"rendered":"Le Semeur par Elodie Boureille"},"content":{"rendered":"<p>Un grand format 23x45cm en impression num\u00e9rique sur du papier Rives 250g \u2013 17 euros<\/p>\n<p>Une belle carte postale en 10x21cm \u2013 3 euros<\/p>\n<p>&nbsp;<\/p>\n<p>A large size, 23&#215;45 cm, digital printing on Rives paper 250g \u2013 17 euros<\/p>\n<p>A beautful postcard, 10&#215;21 cm \u2013 3 euros<\/p>\n<p>Fraxinus fut un village m\u00e9di\u00e9val occup\u00e9 de la seconde moiti\u00e9 du XII\u00e8me si\u00e8cle jusqu\u2019au milieu du XIV\u00e8me si\u00e8cle, fouill\u00e9 en 2012-2013. \u00c0 son apog\u00e9e, le village comprenait une quarantaine d\u2019habitations. Il fut abandonn\u00e9 pour une raison encore inconnue.<br \/>\nLors d\u2019un d\u00e9tour par Asni\u00e8res-sur-Nou\u00e8re, peut-\u00eatre croiserez-vous le fant\u00f4me du paysan Johannes Barangier ? Il arriva en 1465 au lieu-dit \u00ab Fraxinus \u00bb, l\u2019actuel hameau du \u00ab\u00a0Champ du Fr\u00eane\u00a0\u00bb, dont le nom fait r\u00e9f\u00e9rence aux fr\u00eanes pr\u00e9sents dans cette zone situ\u00e9e \u00e0 environ 4 km de l\u2019actuel bourg d\u2019Asni\u00e8res. Contre une redevance de 15 livres, 4 boisseaux de froment et 2 chapons, il s&rsquo;engagea \u00e0 labourer les terres et \u00e0 y construire sa maison dans les deux ans.<\/p>","protected":false},"excerpt":{"rendered":"<p>Un grand format 23x45cm en impression num\u00e9rique sur du papier Rives 250g \u2013 17 euros Une belle carte postale en 10x21cm \u2013 3 euros &nbsp; A large size, 23&#215;45 cm, digital printing on Rives paper 250g \u2013 17 euros A beautful postcard, 10&#215;21 cm \u2013 3 euros Fraxinus fut un village m\u00e9di\u00e9val occup\u00e9 de la [&hellip;]<\/p>","protected":false},"featured_media":2755,"comment_status":"open","ping_status":"closed","template":"","meta":{"ocean_post_layout":"","ocean_both_sidebars_style":"","ocean_both_sidebars_content_width":0,"ocean_both_sidebars_sidebars_width":0,"ocean_sidebar":"0","ocean_second_sidebar":"0","ocean_disable_margins":"enable","ocean_add_body_class":"","ocean_shortcode_before_top_bar":"","ocean_shortcode_after_top_bar":"","ocean_shortcode_before_header":"","ocean_shortcode_after_header":"","ocean_has_shortcode":"","ocean_shortcode_after_title":"","ocean_shortcode_before_footer_widgets":"","ocean_shortcode_after_footer_widgets":"","ocean_shortcode_before_footer_bottom":"","ocean_shortcode_after_footer_bottom":"","ocean_display_top_bar":"default","ocean_display_header":"default","ocean_header_style":"","ocean_center_header_left_menu":"0","ocean_custom_header_template":"0","ocean_custom_logo":0,"ocean_custom_retina_logo":0,"ocean_custom_logo_max_width":0,"ocean_custom_logo_tablet_max_width":0,"ocean_custom_logo_mobile_max_width":0,"ocean_custom_logo_max_height":0,"ocean_custom_logo_tablet_max_height":0,"ocean_custom_logo_mobile_max_height":0,"ocean_header_custom_menu":"0","ocean_menu_typo_font_family":"0","ocean_menu_typo_font_subset":"","ocean_menu_typo_font_size":0,"ocean_menu_typo_font_size_tablet":0,"ocean_menu_typo_font_size_mobile":0,"ocean_menu_typo_font_size_unit":"px","ocean_menu_typo_font_weight":"","ocean_menu_typo_font_weight_tablet":"","ocean_menu_typo_font_weight_mobile":"","ocean_menu_typo_transform":"","ocean_menu_typo_transform_tablet":"","ocean_menu_typo_transform_mobile":"","ocean_menu_typo_line_height":0,"ocean_menu_typo_line_height_tablet":0,"ocean_menu_typo_line_height_mobile":0,"ocean_menu_typo_line_height_unit":"","ocean_menu_typo_spacing":0,"ocean_menu_typo_spacing_tablet":0,"ocean_menu_typo_spacing_mobile":0,"ocean_menu_typo_spacing_unit":"","ocean_menu_link_color":"","ocean_menu_link_color_hover":"","ocean_menu_link_color_active":"","ocean_menu_link_background":"","ocean_menu_link_hover_background":"","ocean_menu_link_active_background":"","ocean_menu_social_links_bg":"","ocean_menu_social_hover_links_bg":"","ocean_menu_social_links_color":"","ocean_menu_social_hover_links_color":"","ocean_disable_title":"default","ocean_disable_heading":"default","ocean_post_title":"","ocean_post_subheading":"","ocean_post_title_style":"","ocean_post_title_background_color":"","ocean_post_title_background":0,"ocean_post_title_bg_image_position":"","ocean_post_title_bg_image_attachment":"","ocean_post_title_bg_image_repeat":"","ocean_post_title_bg_image_size":"","ocean_post_title_height":0,"ocean_post_title_bg_overlay":0.5,"ocean_post_title_bg_overlay_color":"","ocean_disable_breadcrumbs":"default","ocean_breadcrumbs_color":"","ocean_breadcrumbs_separator_color":"","ocean_breadcrumbs_links_color":"","ocean_breadcrumbs_links_hover_color":"","ocean_display_footer_widgets":"default","ocean_display_footer_bottom":"default","ocean_custom_footer_template":"0"},"product_brand":[],"product_cat":[38,110,39,113,18,24,27],"product_tag":[],"class_list":{"0":"post-2656","1":"product","2":"type-product","3":"status-publish","4":"has-post-thumbnail","6":"product_cat-collections","7":"product_cat-elodie-boureille-par-artiste","8":"product_cat-collectif-paon","9":"product_cat-angouleme","10":"product_cat-illustrations","11":"product_cat-affiches","12":"product_cat-cartes-postales","14":"entry","15":"has-media","17":"first","18":"instock","19":"purchasable","20":"product-type-variable","21":"has-default-attributes","22":"has-product-nav","23":"col","24":"span_1_of_3","25":"owp-content-center","26":"owp-thumbs-layout-horizontal","27":"owp-btn-normal","28":"owp-tabs-layout-horizontal"},"jetpack_sharing_enabled":true,"_links":{"self":[{"href":"https:\/\/fichtrediantre.fr\/en\/wp-json\/wp\/v2\/product\/2656","targetHints":{"allow":["GET"]}}],"collection":[{"href":"https:\/\/fichtrediantre.fr\/en\/wp-json\/wp\/v2\/product"}],"about":[{"href":"https:\/\/fichtrediantre.fr\/en\/wp-json\/wp\/v2\/types\/product"}],"replies":[{"embeddable":true,"href":"https:\/\/fichtrediantre.fr\/en\/wp-json\/wp\/v2\/comments?post=2656"}],"version-history":[{"count":2,"href":"https:\/\/fichtrediantre.fr\/en\/wp-json\/wp\/v2\/product\/2656\/revisions"}],"predecessor-version":[{"id":4349,"href":"https:\/\/fichtrediantre.fr\/en\/wp-json\/wp\/v2\/product\/2656\/revisions\/4349"}],"wp:featuredmedia":[{"embeddable":true,"href":"https:\/\/fichtrediantre.fr\/en\/wp-json\/wp\/v2\/media\/2755"}],"wp:attachment":[{"href":"https:\/\/fichtrediantre.fr\/en\/wp-json\/wp\/v2\/media?parent=2656"}],"wp:term":[{"taxonomy":"product_brand","embeddable":true,"href":"https:\/\/fichtrediantre.fr\/en\/wp-json\/wp\/v2\/product_brand?post=2656"},{"taxonomy":"product_cat","embeddable":true,"href":"https:\/\/fichtrediantre.fr\/en\/wp-json\/wp\/v2\/product_cat?post=2656"},{"taxonomy":"product_tag","embeddable":true,"href":"https:\/\/fichtrediantre.fr\/en\/wp-json\/wp\/v2\/product_tag?post=2656"}],"curies":[{"name":"wp","href":"https:\/\/api.w.org\/{rel}","templated":true}]}}