{"id":1945,"date":"2021-08-06T15:33:35","date_gmt":"2021-08-06T13:33:35","guid":{"rendered":"https:\/\/fichtrediantre.fr\/?post_type=product&#038;p=1945"},"modified":"2025-10-24T17:47:02","modified_gmt":"2025-10-24T15:47:02","slug":"larcheologue-par-marine-loscos","status":"publish","type":"product","link":"https:\/\/fichtrediantre.fr\/en\/product\/larcheologue-par-marine-loscos\/","title":{"rendered":"L&rsquo;Arch\u00e9ologue par Marine Loscos"},"content":{"rendered":"<p>Un grand format 23x45cm en impression num\u00e9rique sur du papier Rives 250g \u2013 17 euros<\/p>\n<p>Une belle carte postale en 10x21cm \u2013 3 euros<\/p>\n<p>&nbsp;<\/p>\n<p>A large size, 23&#215;45 cm, digital printing on Rives paper 250g \u2013 17 euros<\/p>\n<p>A beautful postcard, 10&#215;21 cm \u2013 3 euros<\/p>\n<p>Germaine Henri-Martin (1902-1975) est la fille du docteur L\u00e9on Henri-Martin, un des p\u00e8res de la pr\u00e9histoire moderne qui d\u00e9couvrit le Roc de Sers, site arch\u00e9ologique regroupant plusieurs grottes et abris-sous-roche orn\u00e9s, occup\u00e9s pendant le Pal\u00e9olithique sup\u00e9rieur. \u00c0 sa mort, elle reprit son travail de recherche. Chevalier des Arts et des Lettres, elle fut \u00e9galement nomm\u00e9e ma\u00eetre de recherche au CNRS. \u00c0 la reprise des fouilles au Roc de Sers, elle d\u00e9couvrit les derniers \u00e9l\u00e9ments de la frise sculpt\u00e9e encore solidaires de la paroi, d\u00e9montrant l\u2019origine pari\u00e9tale des sculptures<\/p>","protected":false},"excerpt":{"rendered":"<p>Un grand format 23x45cm en impression num\u00e9rique sur du papier Rives 250g \u2013 17 euros Une belle carte postale en 10x21cm \u2013 3 euros &nbsp; A large size, 23&#215;45 cm, digital printing on Rives paper 250g \u2013 17 euros A beautful postcard, 10&#215;21 cm \u2013 3 euros Germaine Henri-Martin (1902-1975) est la fille du docteur [&hellip;]<\/p>","protected":false},"featured_media":1901,"comment_status":"open","ping_status":"closed","template":"","meta":{"ocean_post_layout":"","ocean_both_sidebars_style":"","ocean_both_sidebars_content_width":0,"ocean_both_sidebars_sidebars_width":0,"ocean_sidebar":"0","ocean_second_sidebar":"0","ocean_disable_margins":"enable","ocean_add_body_class":"","ocean_shortcode_before_top_bar":"","ocean_shortcode_after_top_bar":"","ocean_shortcode_before_header":"","ocean_shortcode_after_header":"","ocean_has_shortcode":"","ocean_shortcode_after_title":"","ocean_shortcode_before_footer_widgets":"","ocean_shortcode_after_footer_widgets":"","ocean_shortcode_before_footer_bottom":"","ocean_shortcode_after_footer_bottom":"","ocean_display_top_bar":"default","ocean_display_header":"default","ocean_header_style":"","ocean_center_header_left_menu":"0","ocean_custom_header_template":"0","ocean_custom_logo":0,"ocean_custom_retina_logo":0,"ocean_custom_logo_max_width":0,"ocean_custom_logo_tablet_max_width":0,"ocean_custom_logo_mobile_max_width":0,"ocean_custom_logo_max_height":0,"ocean_custom_logo_tablet_max_height":0,"ocean_custom_logo_mobile_max_height":0,"ocean_header_custom_menu":"0","ocean_menu_typo_font_family":"0","ocean_menu_typo_font_subset":"","ocean_menu_typo_font_size":0,"ocean_menu_typo_font_size_tablet":0,"ocean_menu_typo_font_size_mobile":0,"ocean_menu_typo_font_size_unit":"px","ocean_menu_typo_font_weight":"","ocean_menu_typo_font_weight_tablet":"","ocean_menu_typo_font_weight_mobile":"","ocean_menu_typo_transform":"","ocean_menu_typo_transform_tablet":"","ocean_menu_typo_transform_mobile":"","ocean_menu_typo_line_height":0,"ocean_menu_typo_line_height_tablet":0,"ocean_menu_typo_line_height_mobile":0,"ocean_menu_typo_line_height_unit":"","ocean_menu_typo_spacing":0,"ocean_menu_typo_spacing_tablet":0,"ocean_menu_typo_spacing_mobile":0,"ocean_menu_typo_spacing_unit":"","ocean_menu_link_color":"","ocean_menu_link_color_hover":"","ocean_menu_link_color_active":"","ocean_menu_link_background":"","ocean_menu_link_hover_background":"","ocean_menu_link_active_background":"","ocean_menu_social_links_bg":"","ocean_menu_social_hover_links_bg":"","ocean_menu_social_links_color":"","ocean_menu_social_hover_links_color":"","ocean_disable_title":"default","ocean_disable_heading":"default","ocean_post_title":"","ocean_post_subheading":"","ocean_post_title_style":"","ocean_post_title_background_color":"","ocean_post_title_background":0,"ocean_post_title_bg_image_position":"","ocean_post_title_bg_image_attachment":"","ocean_post_title_bg_image_repeat":"","ocean_post_title_bg_image_size":"","ocean_post_title_height":0,"ocean_post_title_bg_overlay":0.5,"ocean_post_title_bg_overlay_color":"","ocean_disable_breadcrumbs":"default","ocean_breadcrumbs_color":"","ocean_breadcrumbs_separator_color":"","ocean_breadcrumbs_links_color":"","ocean_breadcrumbs_links_hover_color":"","ocean_display_footer_widgets":"default","ocean_display_footer_bottom":"default","ocean_custom_footer_template":"0"},"product_brand":[],"product_cat":[38,67,39,113,18,24,27],"product_tag":[],"class_list":{"0":"post-1945","1":"product","2":"type-product","3":"status-publish","4":"has-post-thumbnail","6":"product_cat-collections","7":"product_cat-marine-loscos","8":"product_cat-collectif-paon","9":"product_cat-angouleme","10":"product_cat-illustrations","11":"product_cat-affiches","12":"product_cat-cartes-postales","14":"entry","15":"has-media","17":"first","18":"instock","19":"purchasable","20":"product-type-variable","21":"has-default-attributes","22":"has-product-nav","23":"col","24":"span_1_of_3","25":"owp-content-center","26":"owp-thumbs-layout-horizontal","27":"owp-btn-normal","28":"owp-tabs-layout-horizontal"},"jetpack_sharing_enabled":true,"_links":{"self":[{"href":"https:\/\/fichtrediantre.fr\/en\/wp-json\/wp\/v2\/product\/1945","targetHints":{"allow":["GET"]}}],"collection":[{"href":"https:\/\/fichtrediantre.fr\/en\/wp-json\/wp\/v2\/product"}],"about":[{"href":"https:\/\/fichtrediantre.fr\/en\/wp-json\/wp\/v2\/types\/product"}],"replies":[{"embeddable":true,"href":"https:\/\/fichtrediantre.fr\/en\/wp-json\/wp\/v2\/comments?post=1945"}],"version-history":[{"count":1,"href":"https:\/\/fichtrediantre.fr\/en\/wp-json\/wp\/v2\/product\/1945\/revisions"}],"predecessor-version":[{"id":1948,"href":"https:\/\/fichtrediantre.fr\/en\/wp-json\/wp\/v2\/product\/1945\/revisions\/1948"}],"wp:featuredmedia":[{"embeddable":true,"href":"https:\/\/fichtrediantre.fr\/en\/wp-json\/wp\/v2\/media\/1901"}],"wp:attachment":[{"href":"https:\/\/fichtrediantre.fr\/en\/wp-json\/wp\/v2\/media?parent=1945"}],"wp:term":[{"taxonomy":"product_brand","embeddable":true,"href":"https:\/\/fichtrediantre.fr\/en\/wp-json\/wp\/v2\/product_brand?post=1945"},{"taxonomy":"product_cat","embeddable":true,"href":"https:\/\/fichtrediantre.fr\/en\/wp-json\/wp\/v2\/product_cat?post=1945"},{"taxonomy":"product_tag","embeddable":true,"href":"https:\/\/fichtrediantre.fr\/en\/wp-json\/wp\/v2\/product_tag?post=1945"}],"curies":[{"name":"wp","href":"https:\/\/api.w.org\/{rel}","templated":true}]}}