{"id":1929,"date":"2021-08-06T15:27:41","date_gmt":"2021-08-06T13:27:41","guid":{"rendered":"https:\/\/fichtrediantre.fr\/?post_type=product&#038;p=1929"},"modified":"2025-10-24T17:50:59","modified_gmt":"2025-10-24T15:50:59","slug":"laubergiste-par-marc-domingo","status":"publish","type":"product","link":"https:\/\/fichtrediantre.fr\/en\/product\/laubergiste-par-marc-domingo\/","title":{"rendered":"L&rsquo;Aubergiste par Marc Domingo"},"content":{"rendered":"<p>Un grand format 23x45cm en impression num\u00e9rique sur du papier Rives 250g \u2013 17 euros<\/p>\n<p>Une belle carte postale en 10x21cm \u2013 3 euros<\/p>\n<p>&nbsp;<\/p>\n<p>A large size, 23&#215;45 cm, digital printing on Rives paper 250g \u2013 17 euros<\/p>\n<p>A beautful postcard, 10&#215;21 cm \u2013 3 euros<\/p>\n<p>C\u2019est en 1796 que la chapelle de la c\u00f4te Sainte-Barbe \u00e0 Fl\u00e9ac fut reconvertie en auberge. Elle servit de repaire \u00e0 une bande de \u00ab chauffeurs \u00bb ayant pour chef le cruel Dexmier. Les clients de l\u2019auberge \u00e9taient attaqu\u00e9s, d\u00e9valis\u00e9s et assassin\u00e9s. Ces truands s\u2019introduisaient \u00e9galement la nuit chez les riches propri\u00e9taires des fermes isol\u00e9es alentour et plongeaient les pieds de leurs victimes dans les flammes du foyer pour leur faire avouer o\u00f9 ils cachaient leur magot avant de tout incendier. Apr\u00e8s plusieurs ann\u00e9es de crimes, l\u2019aubergiste fut condamn\u00e9 et ex\u00e9cut\u00e9 en 1804. La chapelle fut ras\u00e9e, une croix \u00e9difi\u00e9e \u00e0 sa place en 1823.<\/p>\n<p>&nbsp;<\/p>","protected":false},"excerpt":{"rendered":"<p>Un grand format 23x45cm en impression num\u00e9rique sur du papier Rives 250g \u2013 17 euros Une belle carte postale en 10x21cm \u2013 3 euros &nbsp; A large size, 23&#215;45 cm, digital printing on Rives paper 250g \u2013 17 euros A beautful postcard, 10&#215;21 cm \u2013 3 euros C\u2019est en 1796 que la chapelle de la [&hellip;]<\/p>","protected":false},"featured_media":1903,"comment_status":"open","ping_status":"closed","template":"","meta":{"ocean_post_layout":"","ocean_both_sidebars_style":"","ocean_both_sidebars_content_width":0,"ocean_both_sidebars_sidebars_width":0,"ocean_sidebar":"0","ocean_second_sidebar":"0","ocean_disable_margins":"enable","ocean_add_body_class":"","ocean_shortcode_before_top_bar":"","ocean_shortcode_after_top_bar":"","ocean_shortcode_before_header":"","ocean_shortcode_after_header":"","ocean_has_shortcode":"","ocean_shortcode_after_title":"","ocean_shortcode_before_footer_widgets":"","ocean_shortcode_after_footer_widgets":"","ocean_shortcode_before_footer_bottom":"","ocean_shortcode_after_footer_bottom":"","ocean_display_top_bar":"default","ocean_display_header":"default","ocean_header_style":"","ocean_center_header_left_menu":"0","ocean_custom_header_template":"0","ocean_custom_logo":0,"ocean_custom_retina_logo":0,"ocean_custom_logo_max_width":0,"ocean_custom_logo_tablet_max_width":0,"ocean_custom_logo_mobile_max_width":0,"ocean_custom_logo_max_height":0,"ocean_custom_logo_tablet_max_height":0,"ocean_custom_logo_mobile_max_height":0,"ocean_header_custom_menu":"0","ocean_menu_typo_font_family":"0","ocean_menu_typo_font_subset":"","ocean_menu_typo_font_size":0,"ocean_menu_typo_font_size_tablet":0,"ocean_menu_typo_font_size_mobile":0,"ocean_menu_typo_font_size_unit":"px","ocean_menu_typo_font_weight":"","ocean_menu_typo_font_weight_tablet":"","ocean_menu_typo_font_weight_mobile":"","ocean_menu_typo_transform":"","ocean_menu_typo_transform_tablet":"","ocean_menu_typo_transform_mobile":"","ocean_menu_typo_line_height":0,"ocean_menu_typo_line_height_tablet":0,"ocean_menu_typo_line_height_mobile":0,"ocean_menu_typo_line_height_unit":"","ocean_menu_typo_spacing":0,"ocean_menu_typo_spacing_tablet":0,"ocean_menu_typo_spacing_mobile":0,"ocean_menu_typo_spacing_unit":"","ocean_menu_link_color":"","ocean_menu_link_color_hover":"","ocean_menu_link_color_active":"","ocean_menu_link_background":"","ocean_menu_link_hover_background":"","ocean_menu_link_active_background":"","ocean_menu_social_links_bg":"","ocean_menu_social_hover_links_bg":"","ocean_menu_social_links_color":"","ocean_menu_social_hover_links_color":"","ocean_disable_title":"default","ocean_disable_heading":"default","ocean_post_title":"","ocean_post_subheading":"","ocean_post_title_style":"","ocean_post_title_background_color":"","ocean_post_title_background":0,"ocean_post_title_bg_image_position":"","ocean_post_title_bg_image_attachment":"","ocean_post_title_bg_image_repeat":"","ocean_post_title_bg_image_size":"","ocean_post_title_height":0,"ocean_post_title_bg_overlay":0.5,"ocean_post_title_bg_overlay_color":"","ocean_disable_breadcrumbs":"default","ocean_breadcrumbs_color":"","ocean_breadcrumbs_separator_color":"","ocean_breadcrumbs_links_color":"","ocean_breadcrumbs_links_hover_color":"","ocean_display_footer_widgets":"default","ocean_display_footer_bottom":"default","ocean_custom_footer_template":"0"},"product_brand":[],"product_cat":[38,85,39,113,18,24,27],"product_tag":[],"class_list":{"0":"post-1929","1":"product","2":"type-product","3":"status-publish","4":"has-post-thumbnail","6":"product_cat-collections","7":"product_cat-marc-domingo","8":"product_cat-collectif-paon","9":"product_cat-angouleme","10":"product_cat-illustrations","11":"product_cat-affiches","12":"product_cat-cartes-postales","14":"entry","15":"has-media","17":"first","18":"instock","19":"purchasable","20":"product-type-variable","21":"has-default-attributes","22":"has-product-nav","23":"col","24":"span_1_of_3","25":"owp-content-center","26":"owp-thumbs-layout-horizontal","27":"owp-btn-normal","28":"owp-tabs-layout-horizontal"},"jetpack_sharing_enabled":true,"_links":{"self":[{"href":"https:\/\/fichtrediantre.fr\/en\/wp-json\/wp\/v2\/product\/1929","targetHints":{"allow":["GET"]}}],"collection":[{"href":"https:\/\/fichtrediantre.fr\/en\/wp-json\/wp\/v2\/product"}],"about":[{"href":"https:\/\/fichtrediantre.fr\/en\/wp-json\/wp\/v2\/types\/product"}],"replies":[{"embeddable":true,"href":"https:\/\/fichtrediantre.fr\/en\/wp-json\/wp\/v2\/comments?post=1929"}],"version-history":[{"count":1,"href":"https:\/\/fichtrediantre.fr\/en\/wp-json\/wp\/v2\/product\/1929\/revisions"}],"predecessor-version":[{"id":1932,"href":"https:\/\/fichtrediantre.fr\/en\/wp-json\/wp\/v2\/product\/1929\/revisions\/1932"}],"wp:featuredmedia":[{"embeddable":true,"href":"https:\/\/fichtrediantre.fr\/en\/wp-json\/wp\/v2\/media\/1903"}],"wp:attachment":[{"href":"https:\/\/fichtrediantre.fr\/en\/wp-json\/wp\/v2\/media?parent=1929"}],"wp:term":[{"taxonomy":"product_brand","embeddable":true,"href":"https:\/\/fichtrediantre.fr\/en\/wp-json\/wp\/v2\/product_brand?post=1929"},{"taxonomy":"product_cat","embeddable":true,"href":"https:\/\/fichtrediantre.fr\/en\/wp-json\/wp\/v2\/product_cat?post=1929"},{"taxonomy":"product_tag","embeddable":true,"href":"https:\/\/fichtrediantre.fr\/en\/wp-json\/wp\/v2\/product_tag?post=1929"}],"curies":[{"name":"wp","href":"https:\/\/api.w.org\/{rel}","templated":true}]}}