{"id":203,"date":"2020-08-17T14:21:08","date_gmt":"2020-08-17T12:21:08","guid":{"rendered":"https:\/\/fichtrediantre.fr\/?page_id=203"},"modified":"2025-12-27T10:50:52","modified_gmt":"2025-12-27T09:50:52","slug":"une-boutique","status":"publish","type":"page","link":"https:\/\/fichtrediantre.fr\/en\/une-boutique\/","title":{"rendered":"Une boutique"},"content":{"rendered":"<div data-elementor-type=\"wp-page\" data-elementor-id=\"203\" class=\"elementor elementor-203\" data-elementor-post-type=\"page\">\n\t\t\t\t\t\t<section class=\"elementor-section elementor-top-section elementor-element elementor-element-3c573d29 elementor-section-full_width elementor-section-height-min-height elementor-section-items-stretch elementor-section-content-bottom elementor-section-height-default\" data-id=\"3c573d29\" data-element_type=\"section\">\n\t\t\t\t\t\t<div class=\"elementor-container elementor-column-gap-no\">\n\t\t\t\t\t<div class=\"elementor-column elementor-col-50 elementor-top-column elementor-element elementor-element-4c244aa9\" data-id=\"4c244aa9\" data-element_type=\"column\" data-settings=\"{&quot;background_background&quot;:&quot;classic&quot;}\">\n\t\t\t<div class=\"elementor-widget-wrap elementor-element-populated\">\n\t\t\t\t\t\t<div class=\"elementor-element elementor-element-73e3330d elementor-widget__width-initial elementor-widget elementor-widget-heading\" data-id=\"73e3330d\" data-element_type=\"widget\" data-widget_type=\"heading.default\">\n\t\t\t\t<div class=\"elementor-widget-container\">\n\t\t\t\t\t<h1 class=\"elementor-heading-title elementor-size-medium\">Notre boutiQue<\/h1>\t\t\t\t<\/div>\n\t\t\t\t<\/div>\n\t\t\t\t<div class=\"elementor-element elementor-element-4df28440 elementor-widget elementor-widget-heading\" data-id=\"4df28440\" data-element_type=\"widget\" data-widget_type=\"heading.default\">\n\t\t\t\t<div class=\"elementor-widget-container\">\n\t\t\t\t\t<h6 class=\"elementor-heading-title elementor-size-default\">Notre boutique est ouverte du mercredi au samedi de 10h \u00e0 19h \nau c\u0153ur d'Angoul\u00eame, \nau 17 rue Massillon, \u00e0 c\u00f4t\u00e9 des Halles.<\/h6>\t\t\t\t<\/div>\n\t\t\t\t<\/div>\n\t\t\t\t\t<\/div>\n\t\t<\/div>\n\t\t\t\t<div class=\"elementor-column elementor-col-25 elementor-top-column elementor-element elementor-element-664f03b1\" data-id=\"664f03b1\" data-element_type=\"column\">\n\t\t\t<div class=\"elementor-widget-wrap elementor-element-populated\">\n\t\t\t\t\t\t<div class=\"elementor-element elementor-element-74a8df55 elementor-widget elementor-widget-image\" data-id=\"74a8df55\" data-element_type=\"widget\" data-widget_type=\"image.default\">\n\t\t\t\t<div class=\"elementor-widget-container\">\n\t\t\t\t\t\t\t\t\t\t\t\t\t\t\t<img decoding=\"async\" src=\"https:\/\/fichtrediantre.fr\/wp-content\/uploads\/elementor\/thumbs\/Facade-light-scaled-qgt87o3985713jlp9r10pn6motapehirobec0c64ao.jpg\" title=\"Facade light\" alt=\"Facade light\" loading=\"lazy\" \/>\t\t\t\t\t\t\t\t\t\t\t\t\t\t\t<\/div>\n\t\t\t\t<\/div>\n\t\t\t\t\t<\/div>\n\t\t<\/div>\n\t\t\t\t<div class=\"elementor-column elementor-col-25 elementor-top-column elementor-element elementor-element-147e6047\" data-id=\"147e6047\" data-element_type=\"column\">\n\t\t\t<div class=\"elementor-widget-wrap\">\n\t\t\t\t\t\t\t<\/div>\n\t\t<\/div>\n\t\t\t\t\t<\/div>\n\t\t<\/section>\n\t\t\t\t<section class=\"elementor-section elementor-top-section elementor-element elementor-element-57064552 elementor-section-boxed elementor-section-height-default elementor-section-height-default\" data-id=\"57064552\" data-element_type=\"section\">\n\t\t\t\t\t\t<div class=\"elementor-container elementor-column-gap-wider\">\n\t\t\t\t\t<div class=\"elementor-column elementor-col-33 elementor-top-column elementor-element elementor-element-100877b9\" data-id=\"100877b9\" data-element_type=\"column\">\n\t\t\t<div class=\"elementor-widget-wrap elementor-element-populated\">\n\t\t\t\t\t\t<div class=\"elementor-element elementor-element-2e1c5a4 elementor-widget elementor-widget-image\" data-id=\"2e1c5a4\" data-element_type=\"widget\" data-widget_type=\"image.default\">\n\t\t\t\t<div class=\"elementor-widget-container\">\n\t\t\t\t\t\t\t\t\t\t\t\t\t\t\t<img fetchpriority=\"high\" decoding=\"async\" width=\"1024\" height=\"1024\" src=\"https:\/\/fichtrediantre.fr\/wp-content\/uploads\/2023\/09\/interieur-boutique-1024x1024.png\" class=\"attachment-large size-large wp-image-3362\" alt=\"\" srcset=\"https:\/\/fichtrediantre.fr\/wp-content\/uploads\/2023\/09\/interieur-boutique-1024x1024.png 1024w, https:\/\/fichtrediantre.fr\/wp-content\/uploads\/2023\/09\/interieur-boutique-300x300.png 300w, https:\/\/fichtrediantre.fr\/wp-content\/uploads\/2023\/09\/interieur-boutique-150x150.png 150w, https:\/\/fichtrediantre.fr\/wp-content\/uploads\/2023\/09\/interieur-boutique-768x768.png 768w, https:\/\/fichtrediantre.fr\/wp-content\/uploads\/2023\/09\/interieur-boutique-1536x1536.png 1536w, https:\/\/fichtrediantre.fr\/wp-content\/uploads\/2023\/09\/interieur-boutique-12x12.png 12w, https:\/\/fichtrediantre.fr\/wp-content\/uploads\/2023\/09\/interieur-boutique-600x600.png 600w, https:\/\/fichtrediantre.fr\/wp-content\/uploads\/2023\/09\/interieur-boutique-100x100.png 100w, https:\/\/fichtrediantre.fr\/wp-content\/uploads\/2023\/09\/interieur-boutique.png 1600w\" sizes=\"(max-width: 1024px) 100vw, 1024px\" \/>\t\t\t\t\t\t\t\t\t\t\t\t\t\t\t<\/div>\n\t\t\t\t<\/div>\n\t\t\t\t\t<\/div>\n\t\t<\/div>\n\t\t\t\t<div class=\"elementor-column elementor-col-33 elementor-top-column elementor-element elementor-element-dbace9a\" data-id=\"dbace9a\" data-element_type=\"column\">\n\t\t\t<div class=\"elementor-widget-wrap elementor-element-populated\">\n\t\t\t\t\t\t<div class=\"elementor-element elementor-element-107e274 elementor-widget elementor-widget-image\" data-id=\"107e274\" data-element_type=\"widget\" data-widget_type=\"image.default\">\n\t\t\t\t<div class=\"elementor-widget-container\">\n\t\t\t\t\t\t\t\t\t\t\t\t\t\t\t<img decoding=\"async\" width=\"1000\" height=\"1000\" src=\"https:\/\/fichtrediantre.fr\/wp-content\/uploads\/2023\/07\/baraka-Fichtre.png\" class=\"attachment-large size-large wp-image-3247\" alt=\"\" srcset=\"https:\/\/fichtrediantre.fr\/wp-content\/uploads\/2023\/07\/baraka-Fichtre.png 1000w, https:\/\/fichtrediantre.fr\/wp-content\/uploads\/2023\/07\/baraka-Fichtre-300x300.png 300w, https:\/\/fichtrediantre.fr\/wp-content\/uploads\/2023\/07\/baraka-Fichtre-150x150.png 150w, https:\/\/fichtrediantre.fr\/wp-content\/uploads\/2023\/07\/baraka-Fichtre-768x768.png 768w, https:\/\/fichtrediantre.fr\/wp-content\/uploads\/2023\/07\/baraka-Fichtre-12x12.png 12w, https:\/\/fichtrediantre.fr\/wp-content\/uploads\/2023\/07\/baraka-Fichtre-600x600.png 600w, https:\/\/fichtrediantre.fr\/wp-content\/uploads\/2023\/07\/baraka-Fichtre-100x100.png 100w\" sizes=\"(max-width: 1000px) 100vw, 1000px\" \/>\t\t\t\t\t\t\t\t\t\t\t\t\t\t\t<\/div>\n\t\t\t\t<\/div>\n\t\t\t\t\t<\/div>\n\t\t<\/div>\n\t\t\t\t<div class=\"elementor-column elementor-col-33 elementor-top-column elementor-element elementor-element-317d9ef\" data-id=\"317d9ef\" data-element_type=\"column\">\n\t\t\t<div class=\"elementor-widget-wrap elementor-element-populated\">\n\t\t\t\t\t\t<div class=\"elementor-element elementor-element-1d8f6cf elementor-widget elementor-widget-image\" data-id=\"1d8f6cf\" data-element_type=\"widget\" data-widget_type=\"image.default\">\n\t\t\t\t<div class=\"elementor-widget-container\">\n\t\t\t\t\t\t\t\t\t\t\t\t\t\t\t<img decoding=\"async\" width=\"1024\" height=\"1024\" src=\"https:\/\/fichtrediantre.fr\/wp-content\/uploads\/2023\/09\/intereur-bis-1024x1024.png\" class=\"attachment-large size-large wp-image-3361\" alt=\"\" srcset=\"https:\/\/fichtrediantre.fr\/wp-content\/uploads\/2023\/09\/intereur-bis-1024x1024.png 1024w, https:\/\/fichtrediantre.fr\/wp-content\/uploads\/2023\/09\/intereur-bis-300x300.png 300w, https:\/\/fichtrediantre.fr\/wp-content\/uploads\/2023\/09\/intereur-bis-150x150.png 150w, https:\/\/fichtrediantre.fr\/wp-content\/uploads\/2023\/09\/intereur-bis-768x768.png 768w, https:\/\/fichtrediantre.fr\/wp-content\/uploads\/2023\/09\/intereur-bis-1536x1536.png 1536w, https:\/\/fichtrediantre.fr\/wp-content\/uploads\/2023\/09\/intereur-bis-12x12.png 12w, https:\/\/fichtrediantre.fr\/wp-content\/uploads\/2023\/09\/intereur-bis-600x600.png 600w, https:\/\/fichtrediantre.fr\/wp-content\/uploads\/2023\/09\/intereur-bis-100x100.png 100w, https:\/\/fichtrediantre.fr\/wp-content\/uploads\/2023\/09\/intereur-bis.png 1600w\" sizes=\"(max-width: 1024px) 100vw, 1024px\" \/>\t\t\t\t\t\t\t\t\t\t\t\t\t\t\t<\/div>\n\t\t\t\t<\/div>\n\t\t\t\t\t<\/div>\n\t\t<\/div>\n\t\t\t\t\t<\/div>\n\t\t<\/section>\n\t\t\t\t<section class=\"elementor-section elementor-top-section elementor-element elementor-element-44f44bd3 elementor-section-content-middle elementor-section-stretched elementor-section-boxed elementor-section-height-default elementor-section-height-default\" data-id=\"44f44bd3\" data-element_type=\"section\" data-settings=\"{&quot;stretch_section&quot;:&quot;section-stretched&quot;,&quot;background_background&quot;:&quot;classic&quot;}\">\n\t\t\t\t\t\t<div class=\"elementor-container elementor-column-gap-default\">\n\t\t\t\t\t<div class=\"elementor-column elementor-col-50 elementor-top-column elementor-element elementor-element-6a6103b9\" data-id=\"6a6103b9\" data-element_type=\"column\">\n\t\t\t<div class=\"elementor-widget-wrap elementor-element-populated\">\n\t\t\t\t\t\t<div class=\"elementor-element elementor-element-2f2ea3e4 elementor-widget elementor-widget-heading\" data-id=\"2f2ea3e4\" data-element_type=\"widget\" data-widget_type=\"heading.default\">\n\t\t\t\t<div class=\"elementor-widget-container\">\n\t\t\t\t\t<h2 class=\"elementor-heading-title elementor-size-large\">Notre boutique en ligne<\/h2>\t\t\t\t<\/div>\n\t\t\t\t<\/div>\n\t\t\t\t<div class=\"elementor-element elementor-element-71197f09 elementor-widget-divider--view-line elementor-widget elementor-widget-divider\" data-id=\"71197f09\" data-element_type=\"widget\" data-widget_type=\"divider.default\">\n\t\t\t\t<div class=\"elementor-widget-container\">\n\t\t\t\t\t\t\t<div class=\"elementor-divider\">\n\t\t\t<span class=\"elementor-divider-separator\">\n\t\t\t\t\t\t<\/span>\n\t\t<\/div>\n\t\t\t\t\t\t<\/div>\n\t\t\t\t<\/div>\n\t\t\t\t<div class=\"elementor-element elementor-element-1941a852 elementor-widget elementor-widget-text-editor\" data-id=\"1941a852\" data-element_type=\"widget\" data-widget_type=\"text-editor.default\">\n\t\t\t\t<div class=\"elementor-widget-container\">\n\t\t\t\t\t\t\t\t\t<p>Tout le monde ne vit pas \u00e0 Angoul\u00eame para\u00eet-il, alors pour les images qui sont seulement chez nous, on exp\u00e9die !<\/p>\t\t\t\t\t\t\t\t<\/div>\n\t\t\t\t<\/div>\n\t\t\t\t<div class=\"elementor-element elementor-element-4b63f31d elementor-align-center elementor-widget elementor-widget-button\" data-id=\"4b63f31d\" data-element_type=\"widget\" data-widget_type=\"button.default\">\n\t\t\t\t<div class=\"elementor-widget-container\">\n\t\t\t\t\t\t\t\t\t<div class=\"elementor-button-wrapper\">\n\t\t\t\t\t<a class=\"elementor-button elementor-button-link elementor-size-sm elementor-animation-shrink\" href=\"https:\/\/fichtrediantre.fr\/en\/un-shop-online\/\">\n\t\t\t\t\t\t<span class=\"elementor-button-content-wrapper\">\n\t\t\t\t\t\t\t\t\t<span class=\"elementor-button-text\">Boutique en ligne<\/span>\n\t\t\t\t\t<\/span>\n\t\t\t\t\t<\/a>\n\t\t\t\t<\/div>\n\t\t\t\t\t\t\t\t<\/div>\n\t\t\t\t<\/div>\n\t\t\t\t\t<\/div>\n\t\t<\/div>\n\t\t\t\t<div class=\"elementor-column elementor-col-50 elementor-top-column elementor-element elementor-element-2b601c0b elementor-sm-100\" data-id=\"2b601c0b\" data-element_type=\"column\">\n\t\t\t<div class=\"elementor-widget-wrap elementor-element-populated\">\n\t\t\t\t\t\t<div class=\"elementor-element elementor-element-2b81c500 elementor-widget elementor-widget-image\" data-id=\"2b81c500\" data-element_type=\"widget\" data-widget_type=\"image.default\">\n\t\t\t\t<div class=\"elementor-widget-container\">\n\t\t\t\t\t\t\t\t\t\t\t\t\t\t\t\t<a href=\"https:\/\/fichtrediantre.fr\/en\/un-shop-online\/\">\n\t\t\t\t\t\t\t<img loading=\"lazy\" decoding=\"async\" width=\"800\" height=\"600\" src=\"https:\/\/fichtrediantre.fr\/wp-content\/uploads\/2023\/11\/boutiqueenligne2-2.png\" class=\"elementor-animation-shrink attachment-1536x1536 size-1536x1536 wp-image-3431\" alt=\"\" srcset=\"https:\/\/fichtrediantre.fr\/wp-content\/uploads\/2023\/11\/boutiqueenligne2-2.png 800w, https:\/\/fichtrediantre.fr\/wp-content\/uploads\/2023\/11\/boutiqueenligne2-2-300x225.png 300w, https:\/\/fichtrediantre.fr\/wp-content\/uploads\/2023\/11\/boutiqueenligne2-2-768x576.png 768w, https:\/\/fichtrediantre.fr\/wp-content\/uploads\/2023\/11\/boutiqueenligne2-2-16x12.png 16w, https:\/\/fichtrediantre.fr\/wp-content\/uploads\/2023\/11\/boutiqueenligne2-2-600x450.png 600w\" sizes=\"(max-width: 800px) 100vw, 800px\" \/>\t\t\t\t\t\t\t\t<\/a>\n\t\t\t\t\t\t\t\t\t\t\t\t\t\t\t<\/div>\n\t\t\t\t<\/div>\n\t\t\t\t<section class=\"elementor-section elementor-inner-section elementor-element elementor-element-66d33d45 elementor-section-boxed elementor-section-height-default elementor-section-height-default\" data-id=\"66d33d45\" data-element_type=\"section\">\n\t\t\t\t\t\t<div class=\"elementor-container elementor-column-gap-default\">\n\t\t\t\t\t<div class=\"elementor-column elementor-col-33 elementor-inner-column elementor-element elementor-element-1402b1f5\" data-id=\"1402b1f5\" data-element_type=\"column\">\n\t\t\t<div class=\"elementor-widget-wrap elementor-element-populated\">\n\t\t\t\t\t\t<div class=\"elementor-element elementor-element-5f88ff8 elementor-widget elementor-widget-image\" data-id=\"5f88ff8\" data-element_type=\"widget\" data-widget_type=\"image.default\">\n\t\t\t\t<div class=\"elementor-widget-container\">\n\t\t\t\t\t\t\t\t\t\t\t\t\t\t\t\t<a href=\"https:\/\/fichtrediantre.fr\/en\/product\/panthere-par-juliette-oberndorfer\/\">\n\t\t\t\t\t\t\t<img loading=\"lazy\" decoding=\"async\" width=\"1024\" height=\"1024\" src=\"https:\/\/fichtrediantre.fr\/wp-content\/uploads\/2020\/09\/panthere-1-1024x1024.png\" class=\"elementor-animation-shrink attachment-large size-large wp-image-684\" alt=\"\" srcset=\"https:\/\/fichtrediantre.fr\/wp-content\/uploads\/2020\/09\/panthere-1-1024x1024.png 1024w, https:\/\/fichtrediantre.fr\/wp-content\/uploads\/2020\/09\/panthere-1-300x300.png 300w, https:\/\/fichtrediantre.fr\/wp-content\/uploads\/2020\/09\/panthere-1-150x150.png 150w, https:\/\/fichtrediantre.fr\/wp-content\/uploads\/2020\/09\/panthere-1-768x768.png 768w, https:\/\/fichtrediantre.fr\/wp-content\/uploads\/2020\/09\/panthere-1-1536x1536.png 1536w, https:\/\/fichtrediantre.fr\/wp-content\/uploads\/2020\/09\/panthere-1-2048x2048.png 2048w, https:\/\/fichtrediantre.fr\/wp-content\/uploads\/2020\/09\/panthere-1-600x600.png 600w, https:\/\/fichtrediantre.fr\/wp-content\/uploads\/2020\/09\/panthere-1-100x100.png 100w\" sizes=\"(max-width: 1024px) 100vw, 1024px\" \/>\t\t\t\t\t\t\t\t<\/a>\n\t\t\t\t\t\t\t\t\t\t\t\t\t\t\t<\/div>\n\t\t\t\t<\/div>\n\t\t\t\t\t<\/div>\n\t\t<\/div>\n\t\t\t\t<div class=\"elementor-column elementor-col-33 elementor-inner-column elementor-element elementor-element-13ca8a0f\" data-id=\"13ca8a0f\" data-element_type=\"column\">\n\t\t\t<div class=\"elementor-widget-wrap elementor-element-populated\">\n\t\t\t\t\t\t<div class=\"elementor-element elementor-element-bb9b9bf elementor-widget elementor-widget-image\" data-id=\"bb9b9bf\" data-element_type=\"widget\" data-widget_type=\"image.default\">\n\t\t\t\t<div class=\"elementor-widget-container\">\n\t\t\t\t\t\t\t\t\t\t\t\t\t\t\t\t<a href=\"https:\/\/fichtrediantre.fr\/en\/product\/plaon-dangouleme-de-nuit-par-camille-baritaud-du-collectif-paon\/\">\n\t\t\t\t\t\t\t<img loading=\"lazy\" decoding=\"async\" width=\"1024\" height=\"1024\" src=\"https:\/\/fichtrediantre.fr\/wp-content\/uploads\/2020\/10\/plannuit1-1024x1024.png\" class=\"elementor-animation-shrink attachment-large size-large wp-image-942\" alt=\"\" srcset=\"https:\/\/fichtrediantre.fr\/wp-content\/uploads\/2020\/10\/plannuit1-1024x1024.png 1024w, https:\/\/fichtrediantre.fr\/wp-content\/uploads\/2020\/10\/plannuit1-300x300.png 300w, https:\/\/fichtrediantre.fr\/wp-content\/uploads\/2020\/10\/plannuit1-150x150.png 150w, https:\/\/fichtrediantre.fr\/wp-content\/uploads\/2020\/10\/plannuit1-768x768.png 768w, https:\/\/fichtrediantre.fr\/wp-content\/uploads\/2020\/10\/plannuit1-1536x1536.png 1536w, https:\/\/fichtrediantre.fr\/wp-content\/uploads\/2020\/10\/plannuit1-2048x2048.png 2048w, https:\/\/fichtrediantre.fr\/wp-content\/uploads\/2020\/10\/plannuit1-600x600.png 600w, https:\/\/fichtrediantre.fr\/wp-content\/uploads\/2020\/10\/plannuit1-100x100.png 100w\" sizes=\"(max-width: 1024px) 100vw, 1024px\" \/>\t\t\t\t\t\t\t\t<\/a>\n\t\t\t\t\t\t\t\t\t\t\t\t\t\t\t<\/div>\n\t\t\t\t<\/div>\n\t\t\t\t\t<\/div>\n\t\t<\/div>\n\t\t\t\t<div class=\"elementor-column elementor-col-33 elementor-inner-column elementor-element elementor-element-2ba4d5b7\" data-id=\"2ba4d5b7\" data-element_type=\"column\">\n\t\t\t<div class=\"elementor-widget-wrap elementor-element-populated\">\n\t\t\t\t\t\t<div class=\"elementor-element elementor-element-616a7d2a elementor-widget elementor-widget-image\" data-id=\"616a7d2a\" data-element_type=\"widget\" data-widget_type=\"image.default\">\n\t\t\t\t<div class=\"elementor-widget-container\">\n\t\t\t\t\t\t\t\t\t\t\t\t\t\t\t\t<a href=\"https:\/\/fichtrediantre.fr\/en\/product\/le-lion-aile-par-juliette-oberndorfer\/\">\n\t\t\t\t\t\t\t<img loading=\"lazy\" decoding=\"async\" width=\"1024\" height=\"1024\" src=\"https:\/\/fichtrediantre.fr\/wp-content\/uploads\/2020\/09\/alebrije-2-1024x1024.png\" class=\"elementor-animation-shrink attachment-large size-large wp-image-673\" alt=\"\" srcset=\"https:\/\/fichtrediantre.fr\/wp-content\/uploads\/2020\/09\/alebrije-2-1024x1024.png 1024w, https:\/\/fichtrediantre.fr\/wp-content\/uploads\/2020\/09\/alebrije-2-300x300.png 300w, https:\/\/fichtrediantre.fr\/wp-content\/uploads\/2020\/09\/alebrije-2-150x150.png 150w, https:\/\/fichtrediantre.fr\/wp-content\/uploads\/2020\/09\/alebrije-2-768x768.png 768w, https:\/\/fichtrediantre.fr\/wp-content\/uploads\/2020\/09\/alebrije-2-1536x1536.png 1536w, https:\/\/fichtrediantre.fr\/wp-content\/uploads\/2020\/09\/alebrije-2-2048x2048.png 2048w, https:\/\/fichtrediantre.fr\/wp-content\/uploads\/2020\/09\/alebrije-2-600x600.png 600w, https:\/\/fichtrediantre.fr\/wp-content\/uploads\/2020\/09\/alebrije-2-100x100.png 100w\" sizes=\"(max-width: 1024px) 100vw, 1024px\" \/>\t\t\t\t\t\t\t\t<\/a>\n\t\t\t\t\t\t\t\t\t\t\t\t\t\t\t<\/div>\n\t\t\t\t<\/div>\n\t\t\t\t\t<\/div>\n\t\t<\/div>\n\t\t\t\t\t<\/div>\n\t\t<\/section>\n\t\t\t\t\t<\/div>\n\t\t<\/div>\n\t\t\t\t\t<\/div>\n\t\t<\/section>\n\t\t\t\t<\/div>","protected":false},"excerpt":{"rendered":"<p>Notre boutiQue Notre boutique est ouverte du mercredi au samedi de 10h \u00e0 19h au c\u0153ur d&rsquo;Angoul\u00eame, au 17 rue Massillon, \u00e0 c\u00f4t\u00e9 des Halles. Notre boutique en ligne Tout le monde ne vit pas \u00e0 Angoul\u00eame para\u00eet-il, alors pour les images qui sont seulement chez nous, on exp\u00e9die ! Boutique en ligne<\/p>","protected":false},"author":1,"featured_media":0,"parent":0,"menu_order":0,"comment_status":"closed","ping_status":"closed","template":"","meta":{"ocean_post_layout":"","ocean_both_sidebars_style":"","ocean_both_sidebars_content_width":0,"ocean_both_sidebars_sidebars_width":0,"ocean_sidebar":"","ocean_second_sidebar":"","ocean_disable_margins":"enable","ocean_add_body_class":"","ocean_shortcode_before_top_bar":"","ocean_shortcode_after_top_bar":"","ocean_shortcode_before_header":"","ocean_shortcode_after_header":"","ocean_has_shortcode":"","ocean_shortcode_after_title":"","ocean_shortcode_before_footer_widgets":"","ocean_shortcode_after_footer_widgets":"","ocean_shortcode_before_footer_bottom":"","ocean_shortcode_after_footer_bottom":"","ocean_display_top_bar":"default","ocean_display_header":"default","ocean_header_style":"","ocean_center_header_left_menu":"","ocean_custom_header_template":"","ocean_custom_logo":0,"ocean_custom_retina_logo":0,"ocean_custom_logo_max_width":0,"ocean_custom_logo_tablet_max_width":0,"ocean_custom_logo_mobile_max_width":0,"ocean_custom_logo_max_height":0,"ocean_custom_logo_tablet_max_height":0,"ocean_custom_logo_mobile_max_height":0,"ocean_header_custom_menu":"","ocean_menu_typo_font_family":"","ocean_menu_typo_font_subset":"","ocean_menu_typo_font_size":0,"ocean_menu_typo_font_size_tablet":0,"ocean_menu_typo_font_size_mobile":0,"ocean_menu_typo_font_size_unit":"px","ocean_menu_typo_font_weight":"","ocean_menu_typo_font_weight_tablet":"","ocean_menu_typo_font_weight_mobile":"","ocean_menu_typo_transform":"","ocean_menu_typo_transform_tablet":"","ocean_menu_typo_transform_mobile":"","ocean_menu_typo_line_height":0,"ocean_menu_typo_line_height_tablet":0,"ocean_menu_typo_line_height_mobile":0,"ocean_menu_typo_line_height_unit":"","ocean_menu_typo_spacing":0,"ocean_menu_typo_spacing_tablet":0,"ocean_menu_typo_spacing_mobile":0,"ocean_menu_typo_spacing_unit":"","ocean_menu_link_color":"","ocean_menu_link_color_hover":"","ocean_menu_link_color_active":"","ocean_menu_link_background":"","ocean_menu_link_hover_background":"","ocean_menu_link_active_background":"","ocean_menu_social_links_bg":"","ocean_menu_social_hover_links_bg":"","ocean_menu_social_links_color":"","ocean_menu_social_hover_links_color":"","ocean_disable_title":"default","ocean_disable_heading":"default","ocean_post_title":"","ocean_post_subheading":"","ocean_post_title_style":"","ocean_post_title_background_color":"","ocean_post_title_background":0,"ocean_post_title_bg_image_position":"","ocean_post_title_bg_image_attachment":"","ocean_post_title_bg_image_repeat":"","ocean_post_title_bg_image_size":"","ocean_post_title_height":0,"ocean_post_title_bg_overlay":0.5,"ocean_post_title_bg_overlay_color":"","ocean_disable_breadcrumbs":"default","ocean_breadcrumbs_color":"","ocean_breadcrumbs_separator_color":"","ocean_breadcrumbs_links_color":"","ocean_breadcrumbs_links_hover_color":"","ocean_display_footer_widgets":"default","ocean_display_footer_bottom":"default","ocean_custom_footer_template":"","footnotes":""},"class_list":["post-203","page","type-page","status-publish","hentry","entry","owp-thumbs-layout-horizontal","owp-btn-normal","owp-tabs-layout-horizontal","has-no-thumbnails","has-product-nav"],"jetpack_sharing_enabled":true,"_links":{"self":[{"href":"https:\/\/fichtrediantre.fr\/en\/wp-json\/wp\/v2\/pages\/203","targetHints":{"allow":["GET"]}}],"collection":[{"href":"https:\/\/fichtrediantre.fr\/en\/wp-json\/wp\/v2\/pages"}],"about":[{"href":"https:\/\/fichtrediantre.fr\/en\/wp-json\/wp\/v2\/types\/page"}],"author":[{"embeddable":true,"href":"https:\/\/fichtrediantre.fr\/en\/wp-json\/wp\/v2\/users\/1"}],"replies":[{"embeddable":true,"href":"https:\/\/fichtrediantre.fr\/en\/wp-json\/wp\/v2\/comments?post=203"}],"version-history":[{"count":78,"href":"https:\/\/fichtrediantre.fr\/en\/wp-json\/wp\/v2\/pages\/203\/revisions"}],"predecessor-version":[{"id":4410,"href":"https:\/\/fichtrediantre.fr\/en\/wp-json\/wp\/v2\/pages\/203\/revisions\/4410"}],"wp:attachment":[{"href":"https:\/\/fichtrediantre.fr\/en\/wp-json\/wp\/v2\/media?parent=203"}],"curies":[{"name":"wp","href":"https:\/\/api.w.org\/{rel}","templated":true}]}}